{"id":477,"date":"2025-03-04T09:45:45","date_gmt":"2025-03-04T08:45:45","guid":{"rendered":"http:\/\/jasminakoprivica.com\/cookie-policy\/"},"modified":"2025-10-23T10:26:33","modified_gmt":"2025-10-23T08:26:33","slug":"politika-cookie","status":"publish","type":"page","link":"https:\/\/jasminakoprivica.com\/sr\/politika-cookie\/","title":{"rendered":"Politika kola\u010di\u0107a"},"content":{"rendered":"<p><strong>\u0160ta su kola\u010di\u0107i?<br \/>\n<\/strong>Kola\u010di\u0107i su male tekstualne datoteke koje sajt \u0161alje va\u0161em pretra\u017eiva\u010du i \u010duva na va\u0161em ure\u0111aju. Oni omogu\u0107avaju ispravan rad sajta, pam\u0107enje va\u0161ih pode\u0161avanja i bolje razumevanje na\u010dina na koji koristite sajt.<\/p>\n<p><strong>Ko postavlja kola\u010di\u0107e?<br \/>\n<\/strong>Prvi izdavalac (first-party): postavlja ih jasminakoprivica.com.<br \/>\nTre\u0107i izdavaoci (third-party): postavljaju ih na\u0161i partneri radi analitike, ogla\u0161avanja i dru\u0161tvenih funkcija.<\/p>\n<p><strong>Vrste kola\u010di\u0107a koje koristimo<br \/>\n<\/strong>Neophodni (obavezni) su potrebni za osnovne funkcije (bez njih sajt ne radi ispravno).<br \/>\nFunkcionalni pamte va\u0161a pode\u0161avanja (jezik, region).<br \/>\nAnaliti\u010dki nam poma\u017eu da razumemo kako se sajt koristi (npr. koja stranica je najpose\u0107enija).<br \/>\nMarketin\u0161ki omogu\u0107avaju relevantnije oglase i merenje njihovog u\u010dinka.<br \/>\nNapomena: Neophodni kola\u010di\u0107i su uvek aktivni. Za ostale tra\u017eimo va\u0161 pristanak u baneru sa pode\u0161avanjima.<\/p>\n<p><strong>Primeri alata koji mogu postaviti kola\u010di\u0107e<br \/>\n<\/strong>Analitika: Google Analytics 4 (GA4)<br \/>\nOglasi i merenje kampanja: Meta Pixel (Facebook\/Instagram), LinkedIn Insight Tag<br \/>\nUgradnje tre\u0107ih strana: YouTube\/Vimeo video plejeri, map servisi<br \/>\n(Konkretna lista partnera i tipova kola\u010di\u0107a mo\u017ee se menjati; a\u017euriramo ovu Politiku nakon promena.)<\/p>\n<p><strong>Kako da upravljate kola\u010di\u0107ima<br \/>\n<\/strong>Pode\u0161avanja na sajtu: kori\u0161\u0107enjem banera\/centra za preferencije mo\u017eete prihvatiti ili odbiti ne-neophodne kola\u010di\u0107e u bilo kom trenutku.<br \/>\nPretra\u017eiva\u010d: u opcijama va\u0161eg pretra\u017eiva\u010da mo\u017eete obrisati postoje\u0107e kola\u010di\u0107e ili ograni\u010diti nove (uputstva: Chrome, Firefox, Safari, Edge).<br \/>\nDo Not Track: trenutno ne odgovaramo na DNT signale svih pretra\u017eiva\u010da.<\/p>\n<p><strong>Pravna osnova i va\u0161a prava<br \/>\n<\/strong>Za neophodne kola\u010di\u0107e oslanjamo se na legitimni interes za funkcionisanje sajta. Za analiti\u010dke\/marketin\u0161ke kola\u010di\u0107e oslanjamo se na va\u0161 pristanak, koji mo\u017eete povu\u0107i u svakom trenutku kroz pode\u0161avanja.<br \/>\nU skladu sa Zakonom o za\u0161titi podataka o li\u010dnosti (RS) i GDPR (ako se primenjuje), imate prava pristupa, ispravke, brisanja, ograni\u010denja obrade i prigovora.<\/p>\n<p><strong>Zadr\u017eavanje podataka<br \/>\n<\/strong>Rok \u010duvanja zavisi od tipa kola\u010di\u0107a i postavki partnera (npr. GA4 mo\u017ee koristiti rokove 14\u201326 meseci za agregirane podatke). Nakon isteka, kola\u010di\u0107i se bri\u0161u automatski.<\/p>\n<p><strong>Promene Politike<br \/>\n<\/strong>Mo\u017eemo povremeno a\u017eurirati ovu Politiku. Sve izmene objavi\u0107emo na ovoj stranici sa novim datumom \u201ePoslednje a\u017euriranje\u201c.<\/p>\n<p><strong>Kontakt<br \/>\n<\/strong>Za pitanja o kola\u010di\u0107ima i privatnosti: jasmina@fosmediacom.rs<\/p>\n","protected":false},"excerpt":{"rendered":"<p>\u0160ta su kola\u010di\u0107i? Kola\u010di\u0107i su male tekstualne datoteke koje sajt \u0161alje va\u0161em pretra\u017eiva\u010du i \u010duva na va\u0161em ure\u0111aju. Oni omogu\u0107avaju ispravan rad sajta, pam\u0107enje va\u0161ih pode\u0161avanja i bolje razumevanje na\u010dina na koji koristite sajt. Ko postavlja kola\u010di\u0107e? Prvi izdavalac (first-party): postavlja ih jasminakoprivica.com. Tre\u0107i izdavaoci (third-party): postavljaju ih na\u0161i partneri radi analitike, ogla\u0161avanja i dru\u0161tvenih [&hellip;]<\/p>\n","protected":false},"author":3,"featured_media":90,"parent":0,"menu_order":0,"comment_status":"closed","ping_status":"closed","template":"","meta":{"_acf_changed":false,"_seopress_robots_primary_cat":"","_seopress_titles_title":"Jasmina Koprivica - Empowering brands to succeed in the online landscape","_seopress_titles_desc":"Jasmina Koprivica - Empowering brands to succeed in the online landscape","_seopress_robots_index":"","footnotes":""},"class_list":["post-477","page","type-page","status-publish","has-post-thumbnail","hentry"],"acf":[],"_links":{"self":[{"href":"https:\/\/jasminakoprivica.com\/sr\/wp-json\/wp\/v2\/pages\/477","targetHints":{"allow":["GET"]}}],"collection":[{"href":"https:\/\/jasminakoprivica.com\/sr\/wp-json\/wp\/v2\/pages"}],"about":[{"href":"https:\/\/jasminakoprivica.com\/sr\/wp-json\/wp\/v2\/types\/page"}],"author":[{"embeddable":true,"href":"https:\/\/jasminakoprivica.com\/sr\/wp-json\/wp\/v2\/users\/3"}],"replies":[{"embeddable":true,"href":"https:\/\/jasminakoprivica.com\/sr\/wp-json\/wp\/v2\/comments?post=477"}],"version-history":[{"count":6,"href":"https:\/\/jasminakoprivica.com\/sr\/wp-json\/wp\/v2\/pages\/477\/revisions"}],"predecessor-version":[{"id":784,"href":"https:\/\/jasminakoprivica.com\/sr\/wp-json\/wp\/v2\/pages\/477\/revisions\/784"}],"wp:featuredmedia":[{"embeddable":true,"href":"https:\/\/jasminakoprivica.com\/sr\/wp-json\/wp\/v2\/media\/90"}],"wp:attachment":[{"href":"https:\/\/jasminakoprivica.com\/sr\/wp-json\/wp\/v2\/media?parent=477"}],"curies":[{"name":"wp","href":"https:\/\/api.w.org\/{rel}","templated":true}]}}