{"id":479,"date":"2025-03-04T09:45:35","date_gmt":"2025-03-04T08:45:35","guid":{"rendered":"http:\/\/jasminakoprivica.com\/terms-of-services\/"},"modified":"2025-10-23T10:33:10","modified_gmt":"2025-10-23T08:33:10","slug":"uslovi-koriscenja","status":"publish","type":"page","link":"https:\/\/jasminakoprivica.com\/sr\/uslovi-koriscenja\/","title":{"rendered":"Uslovi kori\u0161\u0107enja"},"content":{"rendered":"<p>Dobrodo\u0161li na sajt jasminakoprivica.com (u daljem tekstu: \u201eSajt\u201c). Kori\u0161\u0107enjem Sajta prihvatate ove Uslove kori\u0161\u0107enja (\u201eUslovi\u201c) i Politiku privatnosti. Ako se ne sla\u017eete sa Uslovima, molimo da ne koristite Sajt.<\/p>\n<p>Sajt predstavlja li\u010dnu prezentaciju i poslovni portfolio Jasmine Koprivice, konsultantkinje za digitalne medije i inovacije, sa ponudom usluga, referencama i kontaktnim formama.<\/p>\n<p>Zadr\u017eavamo pravo da Uslove povremeno izmenimo. Izmene va\u017e\u0435 od trenutka objave na ovoj stranici uz a\u017euriran datum \u201ePoslednja izmena\u201c. Daljim kori\u0161\u0107enjem Sajta prihvatate izmenjene Uslove.<\/p>\n<p>Sajt je dostupan \u201eu vi\u0111enom stanju\u201c i mo\u017ee povremeno biti nedostupan zbog odr\u017eavanja ili tehni\u010dkih razloga. Sav sadr\u017eaj na Sajtu (tekst, fotografije, grafika, logotipi, dokumenti, dizajn, kod) za\u0161ti\u0107en je autorskim i srodnim pravima. Zadr\u017eavamo sva prava koja nisu izri\u010dito odobrena.<br \/>\nNe smete kopirati, menjati, distribuirati, objavljivati ili koristiti sadr\u017eaj u komercijalne svrhe bez prethodne pismene saglasnosti. Dozvoljeno je deljenje linkova ka javnim stranicama uz navo\u0111enje izvora.<\/p>\n<p>Ako putem formulara ili e-po\u0161te po\u0161aljete upit, fajl ili komentar (\u201eKorisni\u010dki sadr\u017eaj\u201c), potvr\u0111ujete da imate pravo da navedeni materijal po\u0161aljete i da on ne kr\u0161i prava tre\u0107ih lica. Zadr\u017eavate autorska prava, a nama dajete ograni\u010denu licencu da materijal koristimo isklju\u010divo radi odgovora na upit i pru\u017eanja tra\u017eene usluge. Zabranjeno je slanje nezakonitog, uvredljivog, klevetni\u010dkog ili malicioznog sadr\u017eaja.<\/p>\n<p>Informacije o uslugama na Sajtu su informativne prirode i ne predstavljaju obavezuju\u0107u ponudu. Saradnja nastaje tek nakon potpisivanja ugovora \/ Statement of Work (SOW) ili pisane potvrde ponude, gde se preciziraju obim posla, rokovi, naknade i obaveze strana.<\/p>\n<p>Ako Sajt u budu\u0107nosti omogu\u0107i online pla\u0107anje (npr. edukacije, radionice), uslovi pla\u0107anja, valute, refund politike i bezbednosne prakse bi\u0107e istaknuti na relevantnoj stranici pre kupovine. Trenutno se upiti za usluge obra\u0111uju individualno putem kontakta.<\/p>\n<p>Sadr\u017eaj Sajta ne predstavlja pravni, poreski ili finansijski savet. Odluke donosite na sopstvenu odgovornost. U maksimalnoj meri dopu\u0161tenoj zakonom, ne snosimo odgovornost za direktnu ili indirektnu \u0161tetu koja bi proistekla iz kori\u0161\u0107enja Sajta ili oslanjanja na informacije objavljene ovde.<\/p>\n<p>Sajt mo\u017ee sadr\u017eati linkove ka eksternim sajtovima (npr. dru\u0161tvene mre\u017ee, alati, partneri). Nemamo kontrolu nad njihovim sadr\u017eajem niti politikama i ne preuzimamo odgovornost za bilo kakvu \u0161tetu ili gubitak nastao njihovim kori\u0161\u0107enjem. Preporu\u010dujemo da pro\u010ditate njihove uslove i politike privatnosti.<\/p>\n","protected":false},"excerpt":{"rendered":"<p>Dobrodo\u0161li na sajt jasminakoprivica.com (u daljem tekstu: \u201eSajt\u201c). Kori\u0161\u0107enjem Sajta prihvatate ove Uslove kori\u0161\u0107enja (\u201eUslovi\u201c) i Politiku privatnosti. Ako se ne sla\u017eete sa Uslovima, molimo da ne koristite Sajt. Sajt predstavlja li\u010dnu prezentaciju i poslovni portfolio Jasmine Koprivice, konsultantkinje za digitalne medije i inovacije, sa ponudom usluga, referencama i kontaktnim formama. Zadr\u017eavamo pravo da Uslove [&hellip;]<\/p>\n","protected":false},"author":3,"featured_media":90,"parent":0,"menu_order":0,"comment_status":"closed","ping_status":"closed","template":"","meta":{"_acf_changed":false,"_seopress_robots_primary_cat":"","_seopress_titles_title":"Jasmina Koprivica - Empowering brands to succeed in the online landscape","_seopress_titles_desc":"Jasmina Koprivica - Empowering brands to succeed in the online landscape","_seopress_robots_index":"","footnotes":""},"class_list":["post-479","page","type-page","status-publish","has-post-thumbnail","hentry"],"acf":[],"_links":{"self":[{"href":"https:\/\/jasminakoprivica.com\/sr\/wp-json\/wp\/v2\/pages\/479","targetHints":{"allow":["GET"]}}],"collection":[{"href":"https:\/\/jasminakoprivica.com\/sr\/wp-json\/wp\/v2\/pages"}],"about":[{"href":"https:\/\/jasminakoprivica.com\/sr\/wp-json\/wp\/v2\/types\/page"}],"author":[{"embeddable":true,"href":"https:\/\/jasminakoprivica.com\/sr\/wp-json\/wp\/v2\/users\/3"}],"replies":[{"embeddable":true,"href":"https:\/\/jasminakoprivica.com\/sr\/wp-json\/wp\/v2\/comments?post=479"}],"version-history":[{"count":3,"href":"https:\/\/jasminakoprivica.com\/sr\/wp-json\/wp\/v2\/pages\/479\/revisions"}],"predecessor-version":[{"id":788,"href":"https:\/\/jasminakoprivica.com\/sr\/wp-json\/wp\/v2\/pages\/479\/revisions\/788"}],"wp:featuredmedia":[{"embeddable":true,"href":"https:\/\/jasminakoprivica.com\/sr\/wp-json\/wp\/v2\/media\/90"}],"wp:attachment":[{"href":"https:\/\/jasminakoprivica.com\/sr\/wp-json\/wp\/v2\/media?parent=479"}],"curies":[{"name":"wp","href":"https:\/\/api.w.org\/{rel}","templated":true}]}}