{"id":486,"date":"2025-03-04T09:27:14","date_gmt":"2025-03-04T08:27:14","guid":{"rendered":"http:\/\/jasminakoprivica.com\/portfolio\/"},"modified":"2025-10-18T09:53:03","modified_gmt":"2025-10-18T07:53:03","slug":"portfolio","status":"publish","type":"page","link":"https:\/\/jasminakoprivica.com\/sr\/portfolio\/","title":{"rendered":"Portfolio"},"content":{"rendered":"<h2 class=\"tm7\"><span class=\"tm8\">Jasmina Koprivica je konsultant za digitalne medije i inovacije, sa vi\u0161e od dve decenije iskustva u izgradnji i vo\u0111enju digitalnih proizvoda za velike izdava\u010de i nezavisne redakcije. <\/span><\/h2>\n<hr \/>\n<p class=\"tm7\"><span class=\"tm8\">Najve\u0107i deo njenog rada stoji na tri stuba: jasna strategija i proizvod, tim koji zna \u0161ta radi i odluke zasnovane na podacima. U praksi to zna\u010di precizno pozicioniranje brenda, definisanje sadr\u017eajnih stubova i kanala, SEO i UX principe, kao i merenje koje zaista slu\u017ei redakciji i biznisu. Tu je i odgovorna primena AI alata, od ideacije i sa\u017eetaka do naslova, vizuala i operativnih zadataka, kako bi se ubrzali procesi i podigao kvalitet, bez kompromisa po pitanju etike i poverenja publike.<\/span><\/p>\n<p class=\"tm7\"><span class=\"tm8\">Radila je na brojnim rojektima koji su oblikovali doma\u0107u digitalnu scenu: u <strong>Blic.rs (Ringier)<\/strong> gde je od 2006. godine vodila digitalnu redakciju i postavila taj sajt na prvo mesto po \u010ditanosti u Srbiji. Na <strong>B92.net<\/strong> i <strong>Prva.rs<\/strong> je vodila repozicioniranje digitalnog proizvoda, vodila velike multidisciplinarne timove (redakcije, web razvoj, marketing) planiranje TV i web sadr\u017eaja kao jedinstvene celine. U okviru <strong>Euronews.rs<\/strong> u\u010destvovala je u lansiranju lokalne digitalne platforme u skladu sa me\u0111unarodnim standardima brenda, postavila sadr\u017eajnu i distribucionu strategiju i obu\u010davala uredni\u0161tvo. Na <strong>BloombergAdria.com<\/strong> radila je na razvoju digitalnog proizvoda za poslovne vesti, strategiji rasta publike na webu, mobilnim kanalima i dru\u0161tvenim mre\u017eama, te na integraciji broadcast i digitalnog izlaza. Sa <strong>TV Arena Sport<\/strong>, <strong>Telegraf.rs<\/strong>, <strong>Kurir.rs<\/strong> i drugim redakcijama vodila je projekte rasta publike, formatiranja video vertikala i optimizacije oglasnog inventara.<\/span><\/p>\n<p class=\"tm7\"><span class=\"tm8\">Kroz rad sa<strong> IREX-om<\/strong> i <strong>Internews-om<\/strong> podr\u017eala je brojne lokalne medije \u0161irom regiona u strategiji, procesima i digitalnoj transformaciji, uklju\u010duju\u0107i <strong>Vreme.com<\/strong>, <strong>021.rs<\/strong>, <strong>Glas \u0160umadije<\/strong>, <strong>Oslobodjenje.ba<\/strong>, <strong>Nezavisne.com<\/strong> i <strong>Vijesti.me<\/strong>. Kao konsultant, svojim klijentima izme\u0111u ostalog, poma\u017ee da uve\u017eu TV i web redakcije, osmisle format koji prirodno prelazi sa ekrana na ekran i uspostave distribuciju koja zaista donosi rezultat.<\/span><span class=\"tm8\">\u00a0<\/span><\/p>\n<p class=\"tm7\"><span class=\"tm8\">Na\u010din rada je uvek isti: kratka i precizna dijagnostika gde brend stoji danas, fokus na ono \u0161to mo\u017ee da se promeni u naredna tri meseca i plan koji tim mo\u017ee odmah da primeni, sa kalendarima, \u0161ablonima, checklistama i jasnim KPI okvirima. Rezultati koje cilja su jasniji proizvod, konsistentan sadr\u017eaj, br\u017ei time-to-publish, rast anga\u017emana i saobra\u0107aja, stabilnija monetizacija i tim koji sigurno i odgovorno isporu\u010duje svaki dan. <\/span><\/p>\n<p class=\"tm7\"><span class=\"tm8\">U svom radu, posve\u0107ena je negovanju mentorstva i liderstva koje se bazira na po\u0161tovanju i empatiji. <\/span><\/p>\n","protected":false},"excerpt":{"rendered":"<p>Jasmina Koprivica je konsultant za digitalne medije i inovacije, sa vi\u0161e od dve decenije iskustva u izgradnji i vo\u0111enju digitalnih proizvoda za velike izdava\u010de i nezavisne redakcije. Najve\u0107i deo njenog rada stoji na tri stuba: jasna strategija i proizvod, tim koji zna \u0161ta radi i odluke zasnovane na podacima. U praksi to zna\u010di precizno pozicioniranje [&hellip;]<\/p>\n","protected":false},"author":3,"featured_media":76,"parent":0,"menu_order":0,"comment_status":"closed","ping_status":"closed","template":"page-for-portfolio.php","meta":{"_acf_changed":false,"_seopress_robots_primary_cat":"","_seopress_titles_title":"Jasmina Koprivica - Empowering brands to succeed in the online landscape","_seopress_titles_desc":"Jasmina Koprivica - Empowering brands to succeed in the online landscape","_seopress_robots_index":"","footnotes":""},"class_list":["post-486","page","type-page","status-publish","has-post-thumbnail","hentry"],"acf":[],"_links":{"self":[{"href":"https:\/\/jasminakoprivica.com\/sr\/wp-json\/wp\/v2\/pages\/486","targetHints":{"allow":["GET"]}}],"collection":[{"href":"https:\/\/jasminakoprivica.com\/sr\/wp-json\/wp\/v2\/pages"}],"about":[{"href":"https:\/\/jasminakoprivica.com\/sr\/wp-json\/wp\/v2\/types\/page"}],"author":[{"embeddable":true,"href":"https:\/\/jasminakoprivica.com\/sr\/wp-json\/wp\/v2\/users\/3"}],"replies":[{"embeddable":true,"href":"https:\/\/jasminakoprivica.com\/sr\/wp-json\/wp\/v2\/comments?post=486"}],"version-history":[{"count":4,"href":"https:\/\/jasminakoprivica.com\/sr\/wp-json\/wp\/v2\/pages\/486\/revisions"}],"predecessor-version":[{"id":698,"href":"https:\/\/jasminakoprivica.com\/sr\/wp-json\/wp\/v2\/pages\/486\/revisions\/698"}],"wp:featuredmedia":[{"embeddable":true,"href":"https:\/\/jasminakoprivica.com\/sr\/wp-json\/wp\/v2\/media\/76"}],"wp:attachment":[{"href":"https:\/\/jasminakoprivica.com\/sr\/wp-json\/wp\/v2\/media?parent=486"}],"curies":[{"name":"wp","href":"https:\/\/api.w.org\/{rel}","templated":true}]}}