{"id":492,"date":"2022-07-05T13:52:17","date_gmt":"2022-07-05T11:52:17","guid":{"rendered":"http:\/\/jasminakoprivica.com\/privacy-policy\/"},"modified":"2025-10-23T10:44:11","modified_gmt":"2025-10-23T08:44:11","slug":"politika-privatnosti","status":"publish","type":"page","link":"https:\/\/jasminakoprivica.com\/sr\/politika-privatnosti\/","title":{"rendered":"Politika privatnosti"},"content":{"rendered":"<p>1) Ko smo mi (Rukovalac podacima)\\<br \/>\nOvaj sajt (\u201eSajt\u201d) vodi Jasmina Koprivica (u daljem tekstu: \u201emi\u201d, \u201enas\u201d, \u201ena\u0161\u201d).<\/p>\n<p>2) Koje podatke obra\u0111ujemo<br \/>\nPodaci koje nam dajete: ime i prezime, e-mail, broj telefona, naziv kompanije, poruka\/brief, fajlovi koje prilo\u017eite (npr. CV, ponuda, upit). Tehni\u010dki podaci: IP adresa, tip ure\u0111aja i pretra\u017eiva\u010da, jezik, URL stranica, datum i vreme pristupa, kola\u010di\u0107i (vidi Politiku kola\u010di\u0107a). Podaci o upotrebi sajta: posete, doga\u0111aji (npr. klik na CTA), obra\u0111eni kroz alate za analitiku (npr. GA4). Marketing signali (ako pristanete): podaci Meta Pixel\/LinkedIn Insight (konverzije, remarketing).<\/p>\n<p>3) Svrha i pravni osnov obrade<br \/>\nOdgovori na upite i pru\u017eanje usluga (legitimni interes \/ izvr\u0161enje predugovornih radnji).<br \/>\nAnalitika i pobolj\u0161anje sajta (legitimni interes) i\/ili uz pristanak za ne-neophodne kola\u010di\u0107e.<br \/>\nMarketing i remarketing (isklju\u010divo uz pristanak). Ispunjenje pravnih obaveza (npr. poreski propisi za fakture).<\/p>\n<p>4) Kola\u010di\u0107i i sli\u010dne tehnologije<br \/>\nKoristimo kola\u010di\u0107e i piksele tre\u0107ih strana (npr. Google Analytics 4, Meta, LinkedIn). Detalje, tipove i rokove \u010duvanja pogledajte u Politici kola\u010di\u0107a. Svoj pristanak mo\u017eete u svakom trenutku izmeniti u \u201ecookie banneru\/centru preferencija\u201d.<\/p>\n<p>5) Sa kim delimo podatke (obra\u0111iva\u010di)<br \/>\nMo\u017eemo anga\u017eovati proverene pru\u017eaoce usluga (hostovanje, analitika, e-mail, CRM). Oni obra\u0111uju podatke po na\u0161em nalogu i u skladu sa ugovorom o obradi podataka. Ne prodajemo va\u0161e podatke tre\u0107im licima.<\/p>\n<p>6) Prenos podataka van Srbije\/EU<br \/>\nAko do\u0111e do prenosa van Srbije\/EU\/EEA (npr. pru\u017ealac usluge u tre\u0107oj zemlji), primeni\u0107emo odgovaraju\u0107e za\u0161titne mere (npr. SCC standardne ugovorne klauzule) u skladu sa GDPR-om i va\u017ee\u0107im propisima RS.<\/p>\n<p>7) Rok \u010duvanja<br \/>\nUpiti i korespondencija: do 24 meseca od poslednje komunikacije (ili du\u017ee ako postoji pravni osnov). Poslovna dokumentacija (ra\u010duni\/ugovori): prema zakonskim rokovima. Kola\u010di\u0107i\/analitika: prema rokovima navedenim u Politici kola\u010di\u0107a.<\/p>\n<p>8) Va\u0161a prava<br \/>\nImate pravo na: pristup, ispravku, brisanje, ograni\u010denje, prenosivost podataka i prigovor. Ako se obrada zasniva na pristanku, mo\u017eete ga povu\u0107i u bilo kom trenutku (ne uti\u010de na zakonitost obrade pre povla\u010denja). Zahtev po\u0161aljite na jasmina@fosmediacom.rs. Odgovaramo u roku od 30 dana. Tako\u0111e imate pravo da podnesete pritu\u017ebu Povereniku za informacije od javnog zna\u010daja i za\u0161titu podataka o li\u010dnosti (RS).<\/p>\n<p>9) Bezbednost Primenujemo tehni\u010dke i organizacione mere za\u0161tite (HTTPS, kontrola pristupa, minimizacija podataka). Ipak, nijedan prenos preko interneta nije 100% siguran.<\/p>\n<p>10) Podaci dece<br \/>\nSajt nije namenjen licima mla\u0111im od 16 godina. Ne prikupljamo svesno podatke dece. Ako smatrate da smo nenamerno prikupili takve podatke, pi\u0161ite nam radi brisanja.<\/p>\n<p>11) Izmene politike<br \/>\nPolitiku mo\u017eemo povremeno a\u017eurirati. Nove verzije objavljujemo ovde sa datumom \u201ePoslednje a\u017euriranje\u201d.<\/p>\n<p>12) Kontakt<br \/>\nZa sva pitanja o privatnosti: jasmina@fosmediacom.rs<\/p>\n","protected":false},"excerpt":{"rendered":"<p>1) Ko smo mi (Rukovalac podacima)\\ Ovaj sajt (\u201eSajt\u201d) vodi Jasmina Koprivica (u daljem tekstu: \u201emi\u201d, \u201enas\u201d, \u201ena\u0161\u201d). 2) Koje podatke obra\u0111ujemo Podaci koje nam dajete: ime i prezime, e-mail, broj telefona, naziv kompanije, poruka\/brief, fajlovi koje prilo\u017eite (npr. CV, ponuda, upit). Tehni\u010dki podaci: IP adresa, tip ure\u0111aja i pretra\u017eiva\u010da, jezik, URL stranica, datum i [&hellip;]<\/p>\n","protected":false},"author":1,"featured_media":90,"parent":0,"menu_order":0,"comment_status":"closed","ping_status":"closed","template":"","meta":{"_acf_changed":false,"_seopress_robots_primary_cat":"","_seopress_titles_title":"Jasmina Koprivica - Empowering brands to succeed in the online landscape","_seopress_titles_desc":"","_seopress_robots_index":"","footnotes":""},"class_list":["post-492","page","type-page","status-publish","has-post-thumbnail","hentry"],"acf":[],"_links":{"self":[{"href":"https:\/\/jasminakoprivica.com\/sr\/wp-json\/wp\/v2\/pages\/492","targetHints":{"allow":["GET"]}}],"collection":[{"href":"https:\/\/jasminakoprivica.com\/sr\/wp-json\/wp\/v2\/pages"}],"about":[{"href":"https:\/\/jasminakoprivica.com\/sr\/wp-json\/wp\/v2\/types\/page"}],"author":[{"embeddable":true,"href":"https:\/\/jasminakoprivica.com\/sr\/wp-json\/wp\/v2\/users\/1"}],"replies":[{"embeddable":true,"href":"https:\/\/jasminakoprivica.com\/sr\/wp-json\/wp\/v2\/comments?post=492"}],"version-history":[{"count":4,"href":"https:\/\/jasminakoprivica.com\/sr\/wp-json\/wp\/v2\/pages\/492\/revisions"}],"predecessor-version":[{"id":792,"href":"https:\/\/jasminakoprivica.com\/sr\/wp-json\/wp\/v2\/pages\/492\/revisions\/792"}],"wp:featuredmedia":[{"embeddable":true,"href":"https:\/\/jasminakoprivica.com\/sr\/wp-json\/wp\/v2\/media\/90"}],"wp:attachment":[{"href":"https:\/\/jasminakoprivica.com\/sr\/wp-json\/wp\/v2\/media?parent=492"}],"curies":[{"name":"wp","href":"https:\/\/api.w.org\/{rel}","templated":true}]}}